{"id":284,"date":"2026-01-19T14:34:39","date_gmt":"2026-01-19T13:34:39","guid":{"rendered":"https:\/\/skola-spc.online\/spc\/?page_id=284"},"modified":"2026-04-17T11:54:24","modified_gmt":"2026-04-17T09:54:24","slug":"gdpr","status":"publish","type":"page","link":"https:\/\/skola-spc.cz\/spc\/gdpr\/","title":{"rendered":"GDPR"},"content":{"rendered":"\t\t<div data-elementor-type=\"wp-page\" data-elementor-id=\"284\" class=\"elementor elementor-284\">\n\t\t\t\t<div class=\"elementor-element elementor-element-2d8bbc9 e-flex e-con-boxed e-con e-parent\" data-id=\"2d8bbc9\" data-element_type=\"container\" data-e-type=\"container\">\n\t\t\t\t\t<div class=\"e-con-inner\">\n\t\t\t\t<div class=\"elementor-element elementor-element-8650cd2 elementor-widget elementor-widget-spacer\" data-id=\"8650cd2\" data-element_type=\"widget\" data-e-type=\"widget\" data-widget_type=\"spacer.default\">\n\t\t\t\t\t\t\t<div class=\"elementor-spacer\">\n\t\t\t<div class=\"elementor-spacer-inner\"><\/div>\n\t\t<\/div>\n\t\t\t\t\t\t<\/div>\n\t\t\t\t\t<\/div>\n\t\t\t\t<\/div>\n\t\t<div class=\"elementor-element elementor-element-5e47b34 e-flex e-con-boxed e-con e-parent\" data-id=\"5e47b34\" data-element_type=\"container\" data-e-type=\"container\">\n\t\t\t\t\t<div class=\"e-con-inner\">\n\t\t\t\t<div class=\"elementor-element elementor-element-7aa5389 elementor-widget elementor-widget-text-editor\" data-id=\"7aa5389\" data-element_type=\"widget\" data-e-type=\"widget\" data-widget_type=\"text-editor.default\">\n\t\t\t\t\t\t\t\t\t<p>Pov\u011b\u0159encem pro ochranu osobn\u00edch \u00fadaj\u016f pro Z\u00e1kladn\u00ed \u0161kolu Zl\u00edn, St\u0159edov\u00e1 je\u00a0Milo\u0161 Krul<\/p>\t\t\t\t\t\t\t\t<\/div>\n\t\t\t\t\t<\/div>\n\t\t\t\t<\/div>\n\t\t<div class=\"elementor-element elementor-element-833c98c e-flex e-con-boxed e-con e-parent\" data-id=\"833c98c\" data-element_type=\"container\" data-e-type=\"container\">\n\t\t\t\t\t<div class=\"e-con-inner\">\n\t\t\t\t<div class=\"elementor-element elementor-element-e4b5085 elementor-widget elementor-widget-text-editor\" data-id=\"e4b5085\" data-element_type=\"widget\" data-e-type=\"widget\" data-widget_type=\"text-editor.default\">\n\t\t\t\t\t\t\t\t\t<p>Kontakt:\u00a0e-mail: poverenec.oou@skola-spc.cz,\u00a0telefon: +420 577 142 747<\/p>\t\t\t\t\t\t\t\t<\/div>\n\t\t\t\t\t<\/div>\n\t\t\t\t<\/div>\n\t\t<div class=\"elementor-element elementor-element-f02431f e-flex e-con-boxed e-con e-parent\" data-id=\"f02431f\" data-element_type=\"container\" data-e-type=\"container\">\n\t\t\t\t\t<div class=\"e-con-inner\">\n\t\t\t\t<div class=\"elementor-element elementor-element-2614068 elementor-widget elementor-widget-text-editor\" data-id=\"2614068\" data-element_type=\"widget\" data-e-type=\"widget\" data-widget_type=\"text-editor.default\">\n\t\t\t\t\t\t\t\t\t<p>Speci\u00e1ln\u011b pedagogick\u00e9 centrum Zl\u00edn, St\u0159edov\u00e1 (SPC) je \u0161kolsk\u00e9 poradensk\u00e9 za\u0159\u00edzen\u00ed, kter\u00e9 je sou\u010d\u00e1st\u00ed\u00a0p\u0159\u00edsp\u011bvkov\u00e9 organizace Z\u00e1kladn\u00ed \u0161koly Zl\u00edn, St\u0159edov\u00e1, St\u0159edov\u00e1 4694, 760 05 Zl\u00edn, I\u010c 61716421, telefon: +420 577 241 256, e-mail: spc@skola-spc.cz. Poskytuje poradensk\u00e9 slu\u017eby d\u011btem, \u017e\u00e1k\u016fm a student\u016fm se zdravotn\u00edm posti\u017een\u00edm a zdravotn\u00edm znev\u00fdhodn\u011bn\u00edm integrovan\u00fdm ve \u0161kol\u00e1ch a \u0161kolsk\u00fdch za\u0159\u00edzen\u00edch, d\u00e1le pak \u017e\u00e1k\u016fm se zdravotn\u00edm posti\u017een\u00edm a znev\u00fdhodn\u011bn\u00edm ve \u0161kol\u00e1ch, t\u0159\u00edd\u00e1ch, odd\u011blen\u00edch nebo studijn\u00edch skupin\u00e1ch s upraven\u00fdmi vzd\u011bl\u00e1vac\u00edmi programy, \u017e\u00e1k\u016fm se zdravotn\u00edm posti\u017een\u00edm v z\u00e1kladn\u00edch \u0161kol\u00e1ch speci\u00e1ln\u00edch a d\u011btem s hlubok\u00fdm ment\u00e1ln\u00edm posti\u017een\u00edm.<\/p>\t\t\t\t\t\t\t\t<\/div>\n\t\t\t\t\t<\/div>\n\t\t\t\t<\/div>\n\t\t<div class=\"elementor-element elementor-element-c354787 e-flex e-con-boxed e-con e-parent\" data-id=\"c354787\" data-element_type=\"container\" data-e-type=\"container\">\n\t\t\t\t\t<div class=\"e-con-inner\">\n\t\t\t\t<div class=\"elementor-element elementor-element-36f3373 elementor-widget elementor-widget-spacer\" data-id=\"36f3373\" data-element_type=\"widget\" data-e-type=\"widget\" data-widget_type=\"spacer.default\">\n\t\t\t\t\t\t\t<div class=\"elementor-spacer\">\n\t\t\t<div class=\"elementor-spacer-inner\"><\/div>\n\t\t<\/div>\n\t\t\t\t\t\t<\/div>\n\t\t\t\t\t<\/div>\n\t\t\t\t<\/div>\n\t\t<div class=\"elementor-element elementor-element-055ef78 e-flex e-con-boxed e-con e-parent\" data-id=\"055ef78\" data-element_type=\"container\" data-e-type=\"container\">\n\t\t\t\t\t<div class=\"e-con-inner\">\n\t\t\t\t<div class=\"elementor-element elementor-element-0e02c02 elementor-widget elementor-widget-heading\" data-id=\"0e02c02\" data-element_type=\"widget\" data-e-type=\"widget\" data-widget_type=\"heading.default\">\n\t\t\t\t\t<h5 class=\"elementor-heading-title elementor-size-default\">Informa\u010dn\u00ed povinnost k \u00fa\u010del\u016fm zpracov\u00e1n\u00ed na poskytov\u00e1n\u00ed poradensk\u00fdch slu\u017eeb v \u0160PZ:<\/h5>\t\t\t\t<\/div>\n\t\t\t\t\t<\/div>\n\t\t\t\t<\/div>\n\t\t<div class=\"elementor-element elementor-element-29a4324 e-flex e-con-boxed e-con e-parent\" data-id=\"29a4324\" data-element_type=\"container\" data-e-type=\"container\">\n\t\t\t\t\t<div class=\"e-con-inner\">\n\t\t\t\t<div class=\"elementor-element elementor-element-2135a48 elementor-widget elementor-widget-text-editor\" data-id=\"2135a48\" data-element_type=\"widget\" data-e-type=\"widget\" data-widget_type=\"text-editor.default\">\n\t\t\t\t\t\t\t\t\t<p><a href=\"https:\/\/skola-spc.online\/spc\/wp-content\/uploads\/sites\/2\/2026\/02\/ZS06_Poskytovani-poradhttps:\/\/skola-spc.online\/spc\/wp-content\/uploads\/sites\/2\/2026\/02\/ZS06_Poskytovani-poradenskych-sluzeb-v-spz.pdfenskych-sluzeb-v-spz.pdf\" target=\"_blank\" rel=\"noopener\">Poskytov\u00e1n\u00ed poradensk\u00fdch slu\u017eeb v \u0160PZ<\/a><\/p>\t\t\t\t\t\t\t\t<\/div>\n\t\t\t\t\t<\/div>\n\t\t\t\t<\/div>\n\t\t<div class=\"elementor-element elementor-element-8d56315 e-flex e-con-boxed e-con e-parent\" data-id=\"8d56315\" data-element_type=\"container\" data-e-type=\"container\">\n\t\t\t\t\t<div class=\"e-con-inner\">\n\t\t\t\t<div class=\"elementor-element elementor-element-b2b9000 elementor-widget elementor-widget-spacer\" data-id=\"b2b9000\" data-element_type=\"widget\" data-e-type=\"widget\" data-widget_type=\"spacer.default\">\n\t\t\t\t\t\t\t<div class=\"elementor-spacer\">\n\t\t\t<div class=\"elementor-spacer-inner\"><\/div>\n\t\t<\/div>\n\t\t\t\t\t\t<\/div>\n\t\t\t\t\t<\/div>\n\t\t\t\t<\/div>\n\t\t<div class=\"elementor-element elementor-element-b541a62 e-flex e-con-boxed e-con e-parent\" data-id=\"b541a62\" data-element_type=\"container\" data-e-type=\"container\">\n\t\t\t\t\t<div class=\"e-con-inner\">\n\t\t\t\t<div class=\"elementor-element elementor-element-21d2f28 elementor-widget elementor-widget-text-editor\" data-id=\"21d2f28\" data-element_type=\"widget\" data-e-type=\"widget\" data-widget_type=\"text-editor.default\">\n\t\t\t\t\t\t\t\t\t<p><strong>Po\u0159izov\u00e1n\u00ed z\u00e1znam\u016f<\/strong><\/p>\t\t\t\t\t\t\t\t<\/div>\n\t\t\t\t\t<\/div>\n\t\t\t\t<\/div>\n\t\t<div class=\"elementor-element elementor-element-07f941f e-flex e-con-boxed e-con e-parent\" data-id=\"07f941f\" data-element_type=\"container\" data-e-type=\"container\">\n\t\t\t\t\t<div class=\"e-con-inner\">\n\t\t\t\t<div class=\"elementor-element elementor-element-ab1637f elementor-widget elementor-widget-text-editor\" data-id=\"ab1637f\" data-element_type=\"widget\" data-e-type=\"widget\" data-widget_type=\"text-editor.default\">\n\t\t\t\t\t\t\t\t\t<p>B\u011bhem kon\u00e1n\u00ed akc\u00ed SPC mohou b\u00fdt po\u0159izov\u00e1ny s p\u00edsemn\u00fdm souhlasem subjektu \u00fadaj\u016f fotografie, zvukov\u00e9 a obrazov\u00e9 z\u00e1znamy, kter\u00e9 mohou b\u00fdt pou\u017eity na ofici\u00e1ln\u00edch webov\u00fdch str\u00e1nk\u00e1ch SPC a dal\u0161\u00edch informa\u010dn\u00edch materi\u00e1lech k prezentaci SPC na ve\u0159ejnosti.<br \/>Speci\u00e1ln\u011b pedagogick\u00e9 centrum Zl\u00edn, St\u0159edov\u00e1 nenese odpov\u011bdnost za p\u0159\u00edpadn\u00e9 dal\u0161\u00ed po\u0159\u00edzen\u00ed a zpracov\u00e1n\u00ed v\u00fd\u0161e uveden\u00fdch fotografi\u00ed, zvukov\u00fdch a obrazov\u00fdch z\u00e1znam\u016f jin\u00fdmi subjekty.<\/p>\t\t\t\t\t\t\t\t<\/div>\n\t\t\t\t\t<\/div>\n\t\t\t\t<\/div>\n\t\t<div class=\"elementor-element elementor-element-0e8e3da e-flex e-con-boxed e-con e-parent\" data-id=\"0e8e3da\" data-element_type=\"container\" data-e-type=\"container\">\n\t\t\t\t\t<div class=\"e-con-inner\">\n\t\t\t\t<div class=\"elementor-element elementor-element-0905e7f elementor-widget elementor-widget-spacer\" data-id=\"0905e7f\" data-element_type=\"widget\" data-e-type=\"widget\" data-widget_type=\"spacer.default\">\n\t\t\t\t\t\t\t<div class=\"elementor-spacer\">\n\t\t\t<div class=\"elementor-spacer-inner\"><\/div>\n\t\t<\/div>\n\t\t\t\t\t\t<\/div>\n\t\t\t\t\t<\/div>\n\t\t\t\t<\/div>\n\t\t\t\t<\/div>\n\t\t","protected":false},"excerpt":{"rendered":"<p>Pov\u011b\u0159encem pro ochranu osobn\u00edch \u00fadaj\u016f pro Z\u00e1kladn\u00ed \u0161kolu Zl\u00edn, St\u0159edov\u00e1 je\u00a0Milo\u0161 Krul Kontakt:\u00a0e-mail: poverenec.oou@skola-spc.cz,\u00a0telefon: +420 577 142 747 Speci\u00e1ln\u011b pedagogick\u00e9 [&hellip;]<\/p>\n","protected":false},"author":2,"featured_media":0,"parent":0,"menu_order":0,"comment_status":"closed","ping_status":"closed","template":"","meta":{"site-sidebar-layout":"no-sidebar","site-content-layout":"","ast-site-content-layout":"full-width-container","site-content-style":"default","site-sidebar-style":"default","ast-global-header-display":"","ast-banner-title-visibility":"","ast-main-header-display":"","ast-hfb-above-header-display":"","ast-hfb-below-header-display":"","ast-hfb-mobile-header-display":"","site-post-title":"disabled","ast-breadcrumbs-content":"","ast-featured-img":"disabled","footer-sml-layout":"","ast-disable-related-posts":"","theme-transparent-header-meta":"","adv-header-id-meta":"","stick-header-meta":"","header-above-stick-meta":"","header-main-stick-meta":"","header-below-stick-meta":"","astra-migrate-meta-layouts":"default","ast-page-background-enabled":"default","ast-page-background-meta":{"desktop":{"background-color":"var(--ast-global-color-5)","background-image":"","background-repeat":"repeat","background-position":"center center","background-size":"auto","background-attachment":"scroll","background-type":"","background-media":"","overlay-type":"","overlay-color":"","overlay-opacity":"","overlay-gradient":""},"tablet":{"background-color":"","background-image":"","background-repeat":"repeat","background-position":"center center","background-size":"auto","background-attachment":"scroll","background-type":"","background-media":"","overlay-type":"","overlay-color":"","overlay-opacity":"","overlay-gradient":""},"mobile":{"background-color":"","background-image":"","background-repeat":"repeat","background-position":"center center","background-size":"auto","background-attachment":"scroll","background-type":"","background-media":"","overlay-type":"","overlay-color":"","overlay-opacity":"","overlay-gradient":""}},"ast-content-background-meta":{"desktop":{"background-color":"var(--ast-global-color-4)","background-image":"","background-repeat":"repeat","background-position":"center center","background-size":"auto","background-attachment":"scroll","background-type":"","background-media":"","overlay-type":"","overlay-color":"","overlay-opacity":"","overlay-gradient":""},"tablet":{"background-color":"var(--ast-global-color-4)","background-image":"","background-repeat":"repeat","background-position":"center center","background-size":"auto","background-attachment":"scroll","background-type":"","background-media":"","overlay-type":"","overlay-color":"","overlay-opacity":"","overlay-gradient":""},"mobile":{"background-color":"var(--ast-global-color-4)","background-image":"","background-repeat":"repeat","background-position":"center center","background-size":"auto","background-attachment":"scroll","background-type":"","background-media":"","overlay-type":"","overlay-color":"","overlay-opacity":"","overlay-gradient":""}},"footnotes":""},"class_list":["post-284","page","type-page","status-publish","hentry"],"_links":{"self":[{"href":"https:\/\/skola-spc.cz\/spc\/wp-json\/wp\/v2\/pages\/284","targetHints":{"allow":["GET"]}}],"collection":[{"href":"https:\/\/skola-spc.cz\/spc\/wp-json\/wp\/v2\/pages"}],"about":[{"href":"https:\/\/skola-spc.cz\/spc\/wp-json\/wp\/v2\/types\/page"}],"author":[{"embeddable":true,"href":"https:\/\/skola-spc.cz\/spc\/wp-json\/wp\/v2\/users\/2"}],"replies":[{"embeddable":true,"href":"https:\/\/skola-spc.cz\/spc\/wp-json\/wp\/v2\/comments?post=284"}],"version-history":[{"count":28,"href":"https:\/\/skola-spc.cz\/spc\/wp-json\/wp\/v2\/pages\/284\/revisions"}],"predecessor-version":[{"id":1413,"href":"https:\/\/skola-spc.cz\/spc\/wp-json\/wp\/v2\/pages\/284\/revisions\/1413"}],"wp:attachment":[{"href":"https:\/\/skola-spc.cz\/spc\/wp-json\/wp\/v2\/media?parent=284"}],"curies":[{"name":"wp","href":"https:\/\/api.w.org\/{rel}","templated":true}]}}