{"id":1245,"date":"2026-04-09T12:18:47","date_gmt":"2026-04-09T10:18:47","guid":{"rendered":"https:\/\/skola-spc.cz\/spc\/?page_id=1245"},"modified":"2026-04-17T10:37:03","modified_gmt":"2026-04-17T08:37:03","slug":"aktualita-pozvanka-na-20-3","status":"publish","type":"page","link":"https:\/\/skola-spc.cz\/spc\/aktualita-pozvanka-na-20-3\/","title":{"rendered":"Aktualita \u2013 Pozv\u00e1nka na 20.3"},"content":{"rendered":"\t\t<div data-elementor-type=\"wp-page\" data-elementor-id=\"1245\" class=\"elementor elementor-1245\">\n\t\t\t\t<div class=\"elementor-element elementor-element-7636512 e-flex e-con-boxed e-con e-parent\" data-id=\"7636512\" data-element_type=\"container\" data-e-type=\"container\">\n\t\t\t\t\t<div class=\"e-con-inner\">\n\t\t\t\t<div class=\"elementor-element elementor-element-9a55dfa elementor-widget elementor-widget-spacer\" data-id=\"9a55dfa\" data-element_type=\"widget\" data-e-type=\"widget\" data-widget_type=\"spacer.default\">\n\t\t\t\t\t\t\t<div class=\"elementor-spacer\">\n\t\t\t<div class=\"elementor-spacer-inner\"><\/div>\n\t\t<\/div>\n\t\t\t\t\t\t<\/div>\n\t\t\t\t\t<\/div>\n\t\t\t\t<\/div>\n\t\t<div class=\"elementor-element elementor-element-8808fa6 e-flex e-con-boxed e-con e-parent\" data-id=\"8808fa6\" data-element_type=\"container\" data-e-type=\"container\">\n\t\t\t\t\t<div class=\"e-con-inner\">\n\t\t\t\t<div class=\"elementor-element elementor-element-dc4d8f7 elementor-widget elementor-widget-heading\" data-id=\"dc4d8f7\" data-element_type=\"widget\" data-e-type=\"widget\" data-widget_type=\"heading.default\">\n\t\t\t\t\t<h4 class=\"elementor-heading-title elementor-size-default\">Pozv\u00e1nka na pracovn\u00ed setk\u00e1n\u00ed pedagogick\u00fdch pracovn\u00edk\u016f na t\u00e9ma:<\/h4>\t\t\t\t<\/div>\n\t\t\t\t\t<\/div>\n\t\t\t\t<\/div>\n\t\t<div class=\"elementor-element elementor-element-4ee09fc e-flex e-con-boxed e-con e-parent\" data-id=\"4ee09fc\" data-element_type=\"container\" data-e-type=\"container\">\n\t\t\t\t\t<div class=\"e-con-inner\">\n\t\t\t\t<div class=\"elementor-element elementor-element-ebfb91f elementor-widget elementor-widget-spacer\" data-id=\"ebfb91f\" data-element_type=\"widget\" data-e-type=\"widget\" data-widget_type=\"spacer.default\">\n\t\t\t\t\t\t\t<div class=\"elementor-spacer\">\n\t\t\t<div class=\"elementor-spacer-inner\"><\/div>\n\t\t<\/div>\n\t\t\t\t\t\t<\/div>\n\t\t\t\t\t<\/div>\n\t\t\t\t<\/div>\n\t\t<div class=\"elementor-element elementor-element-a928994 e-flex e-con-boxed e-con e-parent\" data-id=\"a928994\" data-element_type=\"container\" data-e-type=\"container\">\n\t\t\t\t\t<div class=\"e-con-inner\">\n\t\t\t\t<div class=\"elementor-element elementor-element-2c4abdb elementor-widget elementor-widget-heading\" data-id=\"2c4abdb\" data-element_type=\"widget\" data-e-type=\"widget\" data-widget_type=\"heading.default\">\n\t\t\t\t\t<h4 class=\"elementor-heading-title elementor-size-default\">Vzd\u011bl\u00e1v\u00e1n\u00ed \u017e\u00e1ka se speci\u00e1ln\u00edmi vzd\u011bl\u00e1vac\u00edmi pot\u0159ebami \nna I. stupni Z\u0160 <\/h4>\t\t\t\t<\/div>\n\t\t\t\t\t<\/div>\n\t\t\t\t<\/div>\n\t\t<div class=\"elementor-element elementor-element-8679a28 e-flex e-con-boxed e-con e-parent\" data-id=\"8679a28\" data-element_type=\"container\" data-e-type=\"container\">\n\t\t\t\t\t<div class=\"e-con-inner\">\n\t\t\t\t<div class=\"elementor-element elementor-element-6077ea5 elementor-widget elementor-widget-spacer\" data-id=\"6077ea5\" data-element_type=\"widget\" data-e-type=\"widget\" data-widget_type=\"spacer.default\">\n\t\t\t\t\t\t\t<div class=\"elementor-spacer\">\n\t\t\t<div class=\"elementor-spacer-inner\"><\/div>\n\t\t<\/div>\n\t\t\t\t\t\t<\/div>\n\t\t\t\t\t<\/div>\n\t\t\t\t<\/div>\n\t\t<div class=\"elementor-element elementor-element-5fe3be3 e-flex e-con-boxed e-con e-parent\" data-id=\"5fe3be3\" data-element_type=\"container\" data-e-type=\"container\">\n\t\t\t\t\t<div class=\"e-con-inner\">\n\t\t\t\t<div class=\"elementor-element elementor-element-38ea19a elementor-align-center elementor-widget elementor-widget-button\" data-id=\"38ea19a\" data-element_type=\"widget\" data-e-type=\"widget\" data-widget_type=\"button.default\">\n\t\t\t\t\t\t\t\t\t\t<a class=\"elementor-button elementor-button-link elementor-size-sm\" href=\"https:\/\/docs.google.com\/forms\/d\/e\/1FAIpQLSe6ipfBjOUYc4y7VCewtNTn-q6DfvhCZ95voSPmkUb8AcH1CA\/viewform\" target=\"_blank\">\n\t\t\t\t\t\t<span class=\"elementor-button-content-wrapper\">\n\t\t\t\t\t\t\t\t\t<span class=\"elementor-button-text\">Formul\u00e1\u0159 pro p\u0159ihl\u00e1\u0161en\u00ed<\/span>\n\t\t\t\t\t<\/span>\n\t\t\t\t\t<\/a>\n\t\t\t\t\t\t\t\t<\/div>\n\t\t\t\t\t<\/div>\n\t\t\t\t<\/div>\n\t\t<div class=\"elementor-element elementor-element-dc0b3e8 e-flex e-con-boxed e-con e-parent\" data-id=\"dc0b3e8\" data-element_type=\"container\" data-e-type=\"container\">\n\t\t\t\t\t<div class=\"e-con-inner\">\n\t\t\t\t<div class=\"elementor-element elementor-element-f94f0ca elementor-widget elementor-widget-spacer\" data-id=\"f94f0ca\" data-element_type=\"widget\" data-e-type=\"widget\" data-widget_type=\"spacer.default\">\n\t\t\t\t\t\t\t<div class=\"elementor-spacer\">\n\t\t\t<div class=\"elementor-spacer-inner\"><\/div>\n\t\t<\/div>\n\t\t\t\t\t\t<\/div>\n\t\t\t\t\t<\/div>\n\t\t\t\t<\/div>\n\t\t<div class=\"elementor-element elementor-element-39f512a e-flex e-con-boxed e-con e-parent\" data-id=\"39f512a\" data-element_type=\"container\" data-e-type=\"container\">\n\t\t\t\t\t<div class=\"e-con-inner\">\n\t\t\t\t<div class=\"elementor-element elementor-element-ab140cf elementor-widget elementor-widget-heading\" data-id=\"ab140cf\" data-element_type=\"widget\" data-e-type=\"widget\" data-widget_type=\"heading.default\">\n\t\t\t\t\t<h4 class=\"elementor-heading-title elementor-size-default\">M\u00edsto setk\u00e1n\u00ed<\/h4>\t\t\t\t<\/div>\n\t\t\t\t\t<\/div>\n\t\t\t\t<\/div>\n\t\t<div class=\"elementor-element elementor-element-f4cfb48 e-flex e-con-boxed e-con e-parent\" data-id=\"f4cfb48\" data-element_type=\"container\" data-e-type=\"container\">\n\t\t\t\t\t<div class=\"e-con-inner\">\n\t\t\t\t<div class=\"elementor-element elementor-element-3d0c3da elementor-widget elementor-widget-text-editor\" data-id=\"3d0c3da\" data-element_type=\"widget\" data-e-type=\"widget\" data-widget_type=\"text-editor.default\">\n\t\t\t\t\t\t\t\t\t<p>Speci\u00e1ln\u011b pedagogick\u00e9 centrum Zl\u00edn, St\u0159edov\u00e1 4694<\/p>\t\t\t\t\t\t\t\t<\/div>\n\t\t\t\t\t<\/div>\n\t\t\t\t<\/div>\n\t\t<div class=\"elementor-element elementor-element-7546f04 e-flex e-con-boxed e-con e-parent\" data-id=\"7546f04\" data-element_type=\"container\" data-e-type=\"container\">\n\t\t\t\t\t<div class=\"e-con-inner\">\n\t\t\t\t<div class=\"elementor-element elementor-element-90627af elementor-widget elementor-widget-heading\" data-id=\"90627af\" data-element_type=\"widget\" data-e-type=\"widget\" data-widget_type=\"heading.default\">\n\t\t\t\t\t<h4 class=\"elementor-heading-title elementor-size-default\">Term\u00edn<\/h4>\t\t\t\t<\/div>\n\t\t\t\t\t<\/div>\n\t\t\t\t<\/div>\n\t\t<div class=\"elementor-element elementor-element-c7d4e5f e-flex e-con-boxed e-con e-parent\" data-id=\"c7d4e5f\" data-element_type=\"container\" data-e-type=\"container\">\n\t\t\t\t\t<div class=\"e-con-inner\">\n\t\t\t\t<div class=\"elementor-element elementor-element-3011426 elementor-widget elementor-widget-text-editor\" data-id=\"3011426\" data-element_type=\"widget\" data-e-type=\"widget\" data-widget_type=\"text-editor.default\">\n\t\t\t\t\t\t\t\t\t<p>20. 3 2026 od 9:00 do 12:00 hodin<\/p>\t\t\t\t\t\t\t\t<\/div>\n\t\t\t\t\t<\/div>\n\t\t\t\t<\/div>\n\t\t<div class=\"elementor-element elementor-element-b610c1a e-flex e-con-boxed e-con e-parent\" data-id=\"b610c1a\" data-element_type=\"container\" data-e-type=\"container\">\n\t\t\t\t\t<div class=\"e-con-inner\">\n\t\t\t\t<div class=\"elementor-element elementor-element-b6acf0e elementor-widget elementor-widget-heading\" data-id=\"b6acf0e\" data-element_type=\"widget\" data-e-type=\"widget\" data-widget_type=\"heading.default\">\n\t\t\t\t\t<h4 class=\"elementor-heading-title elementor-size-default\">Ur\u010dena pro<\/h4>\t\t\t\t<\/div>\n\t\t\t\t\t<\/div>\n\t\t\t\t<\/div>\n\t\t<div class=\"elementor-element elementor-element-b4f9036 e-flex e-con-boxed e-con e-parent\" data-id=\"b4f9036\" data-element_type=\"container\" data-e-type=\"container\">\n\t\t\t\t\t<div class=\"e-con-inner\">\n\t\t\t\t<div class=\"elementor-element elementor-element-bd45222 elementor-widget elementor-widget-text-editor\" data-id=\"bd45222\" data-element_type=\"widget\" data-e-type=\"widget\" data-widget_type=\"text-editor.default\">\n\t\t\t\t\t\t\t\t\t<p>Vyu\u010duj\u00edc\u00ed \u017e\u00e1ka (u\u010ditel, asistent pedagoga), p\u0159\u00edpadn\u011b pro pracovn\u00edky \u0160PP, kte\u0159\u00ed se na vzd\u011bl\u00e1v\u00e1n\u00ed \u017e\u00e1ka s SVP pod\u00edlej\u00ed ve form\u011b PSPP, resp. jeho vzd\u011bl\u00e1v\u00e1n\u00ed na \u0161kole metodicky za\u0161ti\u0165uj\u00ed \u2013 klienty SPC Zl\u00edn, St\u0159edov\u00e1.<\/p>\t\t\t\t\t\t\t\t<\/div>\n\t\t\t\t\t<\/div>\n\t\t\t\t<\/div>\n\t\t<div class=\"elementor-element elementor-element-981ddf6 e-flex e-con-boxed e-con e-parent\" data-id=\"981ddf6\" data-element_type=\"container\" data-e-type=\"container\">\n\t\t\t\t\t<div class=\"e-con-inner\">\n\t\t\t\t<div class=\"elementor-element elementor-element-549be62 elementor-widget elementor-widget-heading\" data-id=\"549be62\" data-element_type=\"widget\" data-e-type=\"widget\" data-widget_type=\"heading.default\">\n\t\t\t\t\t<h4 class=\"elementor-heading-title elementor-size-default\">Forma setk\u00e1n\u00ed<\/h4>\t\t\t\t<\/div>\n\t\t\t\t\t<\/div>\n\t\t\t\t<\/div>\n\t\t<div class=\"elementor-element elementor-element-caa940c e-flex e-con-boxed e-con e-parent\" data-id=\"caa940c\" data-element_type=\"container\" data-e-type=\"container\">\n\t\t\t\t\t<div class=\"e-con-inner\">\n\t\t\t\t<div class=\"elementor-element elementor-element-c5ebcb5 elementor-widget elementor-widget-text-editor\" data-id=\"c5ebcb5\" data-element_type=\"widget\" data-e-type=\"widget\" data-widget_type=\"text-editor.default\">\n\t\t\t\t\t\t\t\t\t<p>Setk\u00e1n\u00ed bude realizov\u00e1no dle aktu\u00e1ln\u00edch pot\u0159eb \u00fa\u010dastn\u00edk\u016f formou diskuse a konzultace s lektory. P\u0159ipravte si pros\u00edm dotazy a t\u00e9mata ke konzultaci.<\/p>\t\t\t\t\t\t\t\t<\/div>\n\t\t\t\t\t<\/div>\n\t\t\t\t<\/div>\n\t\t<div class=\"elementor-element elementor-element-af2b9ff e-flex e-con-boxed e-con e-parent\" data-id=\"af2b9ff\" data-element_type=\"container\" data-e-type=\"container\">\n\t\t\t\t\t<div class=\"e-con-inner\">\n\t\t\t\t<div class=\"elementor-element elementor-element-91491b4 elementor-widget elementor-widget-heading\" data-id=\"91491b4\" data-element_type=\"widget\" data-e-type=\"widget\" data-widget_type=\"heading.default\">\n\t\t\t\t\t<h4 class=\"elementor-heading-title elementor-size-default\">Lektor<\/h4>\t\t\t\t<\/div>\n\t\t\t\t\t<\/div>\n\t\t\t\t<\/div>\n\t\t<div class=\"elementor-element elementor-element-1a8e679 e-flex e-con-boxed e-con e-parent\" data-id=\"1a8e679\" data-element_type=\"container\" data-e-type=\"container\">\n\t\t\t\t\t<div class=\"e-con-inner\">\n\t\t\t\t<div class=\"elementor-element elementor-element-486e6fc elementor-widget elementor-widget-text-editor\" data-id=\"486e6fc\" data-element_type=\"widget\" data-e-type=\"widget\" data-widget_type=\"text-editor.default\">\n\t\t\t\t\t\t\t\t\t<p>Mgr. Mark\u00e9ta Forejtarov\u00e1<\/p>\t\t\t\t\t\t\t\t<\/div>\n\t\t\t\t\t<\/div>\n\t\t\t\t<\/div>\n\t\t<div class=\"elementor-element elementor-element-05114de e-flex e-con-boxed e-con e-parent\" data-id=\"05114de\" data-element_type=\"container\" data-e-type=\"container\">\n\t\t\t\t\t<div class=\"e-con-inner\">\n\t\t\t\t<div class=\"elementor-element elementor-element-9a8ce68 elementor-widget elementor-widget-heading\" data-id=\"9a8ce68\" data-element_type=\"widget\" data-e-type=\"widget\" data-widget_type=\"heading.default\">\n\t\t\t\t\t<h4 class=\"elementor-heading-title elementor-size-default\">Popis setk\u00e1n\u00ed <\/h4>\t\t\t\t<\/div>\n\t\t\t\t\t<\/div>\n\t\t\t\t<\/div>\n\t\t<div class=\"elementor-element elementor-element-348c41d e-flex e-con-boxed e-con e-parent\" data-id=\"348c41d\" data-element_type=\"container\" data-e-type=\"container\">\n\t\t\t\t\t<div class=\"e-con-inner\">\n\t\t\t\t<div class=\"elementor-element elementor-element-ff45c83 elementor-widget elementor-widget-text-editor\" data-id=\"ff45c83\" data-element_type=\"widget\" data-e-type=\"widget\" data-widget_type=\"text-editor.default\">\n\t\t\t\t\t\t\t\t\t<p>Na setk\u00e1n\u00ed si m\u016f\u017eete p\u0159ipravit konkr\u00e9tn\u00ed dotazy t\u00fdkaj\u00edc\u00ed se podp\u016frn\u00fdch opat\u0159en\u00ed, situac\u00ed a probl\u00e9m\u016f, se kter\u00fdmi se v praxi setk\u00e1v\u00e1te. Doporu\u010dujeme s sebou vz\u00edt Doporu\u010den\u00ed \u0160PZ konkr\u00e9tn\u00edho \u017e\u00e1ka, IVP, nebo t\u0159eba i test, p\u00edsemnou pr\u00e1ci, se\u0161it, pom\u016fcku apod. Tato pracovn\u00ed setk\u00e1n\u00ed pova\u017eujeme za d\u016fle\u017eitou a nezbytnou sou\u010d\u00e1st vz\u00e1jemn\u00e9 spolupr\u00e1ce \u0161kol a \u0161kolsk\u00fdch poradensk\u00fdch za\u0159\u00edzen\u00ed v r\u00e1mci inkluzivn\u00edho vzd\u011bl\u00e1v\u00e1n\u00ed a v\u011b\u0159\u00edme, \u017ee i tato forma nab\u00edzen\u00e9 metodick\u00e9 podpory, krom\u011b standardn\u00edch konzultac\u00ed v r\u00e1mci v\u00fdjezd\u016f do \u0161kol, bude p\u0159\u00ednosn\u00e1 pro va\u0161i pedagogickou praxi.<\/p>\t\t\t\t\t\t\t\t<\/div>\n\t\t\t\t\t<\/div>\n\t\t\t\t<\/div>\n\t\t<div class=\"elementor-element elementor-element-dd5de20 e-flex e-con-boxed e-con e-parent\" data-id=\"dd5de20\" data-element_type=\"container\" data-e-type=\"container\">\n\t\t\t\t\t<div class=\"e-con-inner\">\n\t\t\t\t<div class=\"elementor-element elementor-element-9f6a3fe elementor-widget elementor-widget-heading\" data-id=\"9f6a3fe\" data-element_type=\"widget\" data-e-type=\"widget\" data-widget_type=\"heading.default\">\n\t\t\t\t\t<h4 class=\"elementor-heading-title elementor-size-default\">Potvrzen\u00ed \u00fa\u010dasti<\/h4>\t\t\t\t<\/div>\n\t\t\t\t\t<\/div>\n\t\t\t\t<\/div>\n\t\t<div class=\"elementor-element elementor-element-911da72 e-flex e-con-boxed e-con e-parent\" data-id=\"911da72\" data-element_type=\"container\" data-e-type=\"container\">\n\t\t\t\t\t<div class=\"e-con-inner\">\n\t\t\t\t<div class=\"elementor-element elementor-element-d5ef6f2 elementor-widget elementor-widget-text-editor\" data-id=\"d5ef6f2\" data-element_type=\"widget\" data-e-type=\"widget\" data-widget_type=\"text-editor.default\">\n\t\t\t\t\t\t\t\t\t<p>Kapacita m\u00edstnosti je omezena, proto se, pros\u00edm, p\u0159ihlaste do 28. 2. 2026<\/p>\t\t\t\t\t\t\t\t<\/div>\n\t\t\t\t\t<\/div>\n\t\t\t\t<\/div>\n\t\t<div class=\"elementor-element elementor-element-4785add e-flex e-con-boxed e-con e-parent\" data-id=\"4785add\" data-element_type=\"container\" data-e-type=\"container\">\n\t\t\t\t\t<div class=\"e-con-inner\">\n\t\t\t\t<div class=\"elementor-element elementor-element-06b65be elementor-widget elementor-widget-text-editor\" data-id=\"06b65be\" data-element_type=\"widget\" data-e-type=\"widget\" data-widget_type=\"text-editor.default\">\n\t\t\t\t\t\t\t\t\t<p>T\u011b\u0161\u00edme se na setk\u00e1n\u00ed s V\u00e1mi!<\/p>\t\t\t\t\t\t\t\t<\/div>\n\t\t\t\t\t<\/div>\n\t\t\t\t<\/div>\n\t\t<div class=\"elementor-element elementor-element-87c8cfc e-flex e-con-boxed e-con e-parent\" data-id=\"87c8cfc\" data-element_type=\"container\" data-e-type=\"container\">\n\t\t\t\t\t<div class=\"e-con-inner\">\n\t\t\t\t<div class=\"elementor-element elementor-element-ea93b53 elementor-widget elementor-widget-text-editor\" data-id=\"ea93b53\" data-element_type=\"widget\" data-e-type=\"widget\" data-widget_type=\"text-editor.default\">\n\t\t\t\t\t\t\t\t\t<p>Pozn: Neneseme \u017e\u00e1dnou odpov\u011bdnost za p\u0159\u00edpadn\u00e9 po\u0159\u00edzen\u00ed a zpracov\u00e1n\u00ed fotografi\u00ed, obrazov\u00fdch a zvukov\u00fdch z\u00e1znam\u016f z workshopu jinou osobou<\/p>\t\t\t\t\t\t\t\t<\/div>\n\t\t\t\t\t<\/div>\n\t\t\t\t<\/div>\n\t\t<div class=\"elementor-element elementor-element-c476d59 e-flex e-con-boxed e-con e-parent\" data-id=\"c476d59\" data-element_type=\"container\" data-e-type=\"container\">\n\t\t\t\t\t<div class=\"e-con-inner\">\n\t\t\t\t<div class=\"elementor-element elementor-element-46e56f0 elementor-widget elementor-widget-spacer\" data-id=\"46e56f0\" data-element_type=\"widget\" data-e-type=\"widget\" data-widget_type=\"spacer.default\">\n\t\t\t\t\t\t\t<div class=\"elementor-spacer\">\n\t\t\t<div class=\"elementor-spacer-inner\"><\/div>\n\t\t<\/div>\n\t\t\t\t\t\t<\/div>\n\t\t\t\t\t<\/div>\n\t\t\t\t<\/div>\n\t\t\t\t<\/div>\n\t\t","protected":false},"excerpt":{"rendered":"<p>Pozv\u00e1nka na pracovn\u00ed setk\u00e1n\u00ed pedagogick\u00fdch pracovn\u00edk\u016f na t\u00e9ma: Vzd\u011bl\u00e1v\u00e1n\u00ed \u017e\u00e1ka se speci\u00e1ln\u00edmi vzd\u011bl\u00e1vac\u00edmi pot\u0159ebami na I. stupni Z\u0160 Formul\u00e1\u0159 pro [&hellip;]<\/p>\n","protected":false},"author":2,"featured_media":0,"parent":0,"menu_order":0,"comment_status":"closed","ping_status":"closed","template":"","meta":{"site-sidebar-layout":"no-sidebar","site-content-layout":"","ast-site-content-layout":"full-width-container","site-content-style":"default","site-sidebar-style":"default","ast-global-header-display":"","ast-banner-title-visibility":"","ast-main-header-display":"","ast-hfb-above-header-display":"","ast-hfb-below-header-display":"","ast-hfb-mobile-header-display":"","site-post-title":"disabled","ast-breadcrumbs-content":"","ast-featured-img":"disabled","footer-sml-layout":"","ast-disable-related-posts":"","theme-transparent-header-meta":"","adv-header-id-meta":"","stick-header-meta":"","header-above-stick-meta":"","header-main-stick-meta":"","header-below-stick-meta":"","astra-migrate-meta-layouts":"default","ast-page-background-enabled":"default","ast-page-background-meta":{"desktop":{"background-color":"var(--ast-global-color-5)","background-image":"","background-repeat":"repeat","background-position":"center center","background-size":"auto","background-attachment":"scroll","background-type":"","background-media":"","overlay-type":"","overlay-color":"","overlay-opacity":"","overlay-gradient":""},"tablet":{"background-color":"","background-image":"","background-repeat":"repeat","background-position":"center center","background-size":"auto","background-attachment":"scroll","background-type":"","background-media":"","overlay-type":"","overlay-color":"","overlay-opacity":"","overlay-gradient":""},"mobile":{"background-color":"","background-image":"","background-repeat":"repeat","background-position":"center center","background-size":"auto","background-attachment":"scroll","background-type":"","background-media":"","overlay-type":"","overlay-color":"","overlay-opacity":"","overlay-gradient":""}},"ast-content-background-meta":{"desktop":{"background-color":"var(--ast-global-color-4)","background-image":"","background-repeat":"repeat","background-position":"center center","background-size":"auto","background-attachment":"scroll","background-type":"","background-media":"","overlay-type":"","overlay-color":"","overlay-opacity":"","overlay-gradient":""},"tablet":{"background-color":"var(--ast-global-color-4)","background-image":"","background-repeat":"repeat","background-position":"center center","background-size":"auto","background-attachment":"scroll","background-type":"","background-media":"","overlay-type":"","overlay-color":"","overlay-opacity":"","overlay-gradient":""},"mobile":{"background-color":"var(--ast-global-color-4)","background-image":"","background-repeat":"repeat","background-position":"center center","background-size":"auto","background-attachment":"scroll","background-type":"","background-media":"","overlay-type":"","overlay-color":"","overlay-opacity":"","overlay-gradient":""}},"footnotes":""},"class_list":["post-1245","page","type-page","status-publish","hentry"],"_links":{"self":[{"href":"https:\/\/skola-spc.cz\/spc\/wp-json\/wp\/v2\/pages\/1245","targetHints":{"allow":["GET"]}}],"collection":[{"href":"https:\/\/skola-spc.cz\/spc\/wp-json\/wp\/v2\/pages"}],"about":[{"href":"https:\/\/skola-spc.cz\/spc\/wp-json\/wp\/v2\/types\/page"}],"author":[{"embeddable":true,"href":"https:\/\/skola-spc.cz\/spc\/wp-json\/wp\/v2\/users\/2"}],"replies":[{"embeddable":true,"href":"https:\/\/skola-spc.cz\/spc\/wp-json\/wp\/v2\/comments?post=1245"}],"version-history":[{"count":8,"href":"https:\/\/skola-spc.cz\/spc\/wp-json\/wp\/v2\/pages\/1245\/revisions"}],"predecessor-version":[{"id":1392,"href":"https:\/\/skola-spc.cz\/spc\/wp-json\/wp\/v2\/pages\/1245\/revisions\/1392"}],"wp:attachment":[{"href":"https:\/\/skola-spc.cz\/spc\/wp-json\/wp\/v2\/media?parent=1245"}],"curies":[{"name":"wp","href":"https:\/\/api.w.org\/{rel}","templated":true}]}}